{"id":6662,"date":"2021-03-24T02:30:06","date_gmt":"2021-03-24T08:30:06","guid":{"rendered":"https:\/\/miautoseguro.mx\/web\/?page_id=6662"},"modified":"2021-03-26T12:16:20","modified_gmt":"2021-03-26T18:16:20","slug":"otrosservicios","status":"publish","type":"page","link":"https:\/\/miautoseguro.mx\/web\/otrosservicios\/","title":{"rendered":"Otros Servicios"},"content":{"rendered":"<p>[vc_row full_content_width=&#8221;row-inner-full&#8221; row_height_type=&#8221;fixed_height&#8221; height=&#8221;500px&#8221; top=&#8221;100px&#8221; bottom=&#8221;30px&#8221; content_fadeout=&#8221;content-fadeout&#8221; bg_type=&#8221;image&#8221; bg_position=&#8221;&#8221; slope_bottom=&#8221;slope-bottom&#8221; slope_bottom_dir=&#8221;slope-bottom-right&#8221; bg_image=&#8221;6623&#8243; font_color=&#8221;#ffffff&#8221;][vc_column width=&#8221;1\/2&#8243; css_animation=&#8221;left-to-right&#8221; css=&#8221;.vc_custom_1508656133718{padding-bottom: 100px !important;padding-left: 50px !important;}&#8221;][vc_empty_space height=&#8221;70px&#8221;][vc_column_text css_animation=&#8221;fadeInLeft&#8221; el_class=&#8221;textoQuienes&#8221; css=&#8221;.vc_custom_1616782546930{padding-right: 30px !important;padding-left: 30px !important;}&#8221;]<\/p>\n<p id=\"u11954-2\">En\u00a0<b>Mi Auto Seguro<\/b> queremos que t\u00fa, tus seres queridos y tu patrimonio est\u00e9n protegidos ante cualquier riesgo. Con nosotros podr\u00e1s cotizar y adquirir un seguro para proteger tu Auto, tu Vida, tu Salud, tu Hogar, tu Mascota, tu Dentadura y hasta tu Empresa.<\/p>\n<p>[\/vc_column_text][\/vc_column][vc_column width=&#8221;1\/2&#8243; css=&#8221;.vc_custom_1508655995346{padding-bottom: 200px !important;background-image: url(http:\/\/gnp.miautoseguro.mx\/sitioweb\/wp-content\/uploads\/2017\/10\/ciudad_2.png?id=6209) !important;background-position: center !important;background-repeat: no-repeat !important;background-size: cover !important;}&#8221;][vc_column_text css_animation=&#8221;fadeInLeft&#8221; el_class=&#8221;textoQuienes&#8221; css=&#8221;.vc_custom_1616782554183{padding-right: 30px !important;padding-left: 30px !important;}&#8221;]Ofrecemos un servicio personalizado por lo que para poder brindarte la mejor atenci\u00f3n requerimos que elijas el producto que deseas cotizar, que nos compartas los datos solicitados a continuaci\u00f3n y de inmediato nos comunicaremos contigo para ofrecerte el seguro que sea m\u00e1s adecuado para tus necesidades y posibilidades.<\/p>\n<p>Recuerda, en\u00a0<b>Mi Auto Seguro<\/b> el seguro a tu bolsillo.[\/vc_column_text][\/vc_column][\/vc_row][vc_row full_content_width=&#8221;row-inner-full&#8221; row_height_type=&#8221;fixed_height&#8221; height=&#8221;600px&#8221; top=&#8221;0px&#8221; bottom=&#8221;0px&#8221; bg_type=&#8221;image&#8221; slope_top=&#8221;slope-top&#8221; slope_top_dir=&#8221;slope-top-right&#8221; slope_height_tablet=&#8221;50px&#8221; slope_height_mobile=&#8221;50px&#8221; font_color=&#8221;#ffffff&#8221; bg_color=&#8221;#00bf61&#8243;][vc_column width=&#8221;1\/2&#8243; css=&#8221;.vc_custom_1616574853368{background-image: url(https:\/\/miautoseguro.mx\/web\/wp-content\/uploads\/2021\/03\/Fondo_OtrosServicios.jpg?id=6879) !important;background-position: center !important;background-repeat: no-repeat !important;background-size: cover !important;}&#8221;][vc_single_image image=&#8221;6880&#8243; img_size=&#8221;full&#8221; alignment=&#8221;center&#8221;][\/vc_column][vc_column textalign=&#8221;left&#8221; slope_left=&#8221;slope-left&#8221; slope_left_dir=&#8221;slope-left-bottom&#8221; width=&#8221;1\/2&#8243; font_color=&#8221;#ffffff&#8221; css=&#8221;.vc_custom_1616722748429{padding-bottom: 15px !important;background-color: #204d72 !important;}&#8221; slope_left_color=&#8221;#204d72&#8243;][vc_empty_space height=&#8221;100px&#8221;][vc_column_text]<\/p>\n<h3><span style=\"color: #fff;\">\u00bfQU\u00c9 QUIERES ASEGURAR?<\/span><\/h3>\n<p>[\/vc_column_text]<div role=\"form\" class=\"wpcf7\" id=\"wpcf7-f6897-o1\" lang=\"es-MX\" dir=\"ltr\">\n<div class=\"screen-reader-response\"><p role=\"status\" aria-live=\"polite\" aria-atomic=\"true\"><\/p> <ul><\/ul><\/div>\n<form action=\"\/web\/wp-json\/wp\/v2\/pages\/6662#wpcf7-f6897-o1\" method=\"post\" class=\"wpcf7-form init\" novalidate=\"novalidate\" data-status=\"init\">\n<div style=\"display: none;\">\n<input type=\"hidden\" name=\"_wpcf7\" value=\"6897\" \/>\n<input type=\"hidden\" name=\"_wpcf7_version\" value=\"5.5.6.1\" \/>\n<input type=\"hidden\" name=\"_wpcf7_locale\" value=\"es_MX\" \/>\n<input type=\"hidden\" name=\"_wpcf7_unit_tag\" value=\"wpcf7-f6897-o1\" \/>\n<input type=\"hidden\" name=\"_wpcf7_container_post\" value=\"0\" \/>\n<input type=\"hidden\" name=\"_wpcf7_posted_data_hash\" value=\"\" \/>\n<\/div>\n<p><label> Selecciona una opci\u00f3n:<br \/>\n<span class=\"wpcf7-form-control-wrap Vida\"><select name=\"Vida\" class=\"wpcf7-form-control wpcf7-select wpcf7-validates-as-required\" aria-required=\"true\" aria-invalid=\"false\"><option value=\"Mi Vida Segura\">Mi Vida Segura<\/option><option value=\"Mi M\u00e9dico Seguro\">Mi M\u00e9dico Seguro<\/option><option value=\"Mi Hogar Seguro\">Mi Hogar Seguro<\/option><option value=\"Mi Empresa Segura\">Mi Empresa Segura<\/option><option value=\"Mi Mascota Segura\">Mi Mascota Segura<\/option><option value=\"Mis Dentadura Segura\">Mis Dentadura Segura<\/option><\/select><\/span><\/label><\/p>\n<p><label> Nombre<br \/>\n    <span class=\"wpcf7-form-control-wrap your-name\"><input type=\"text\" name=\"your-name\" value=\"\" size=\"40\" class=\"wpcf7-form-control wpcf7-text wpcf7-validates-as-required\" aria-required=\"true\" aria-invalid=\"false\" \/><\/span> <\/label><\/p>\n<p><label> Correo electr\u00f3nico:<br \/>\n    <span class=\"wpcf7-form-control-wrap your-email\"><input type=\"email\" name=\"your-email\" value=\"\" size=\"40\" class=\"wpcf7-form-control wpcf7-text wpcf7-email wpcf7-validates-as-required wpcf7-validates-as-email\" aria-required=\"true\" aria-invalid=\"false\" \/><\/span> <\/label><\/p>\n<p><label> Edad:<br \/>\n<span class=\"wpcf7-form-control-wrap Edad\"><input type=\"number\" name=\"Edad\" value=\"18\" class=\"wpcf7-form-control wpcf7-number wpcf7-validates-as-number\" min=\"18\" max=\"65\" aria-invalid=\"false\" \/><\/span><\/label><\/p>\n<p><label> Sexo:<\/label><br \/>\n<span class=\"wpcf7-form-control-wrap radio-147\"><span class=\"wpcf7-form-control wpcf7-radio\"><span class=\"wpcf7-list-item first\"><label><input type=\"radio\" name=\"radio-147\" value=\"M\" checked=\"checked\" \/><span class=\"wpcf7-list-item-label\">M<\/span><\/label><\/span><span class=\"wpcf7-list-item last\"><label><input type=\"radio\" name=\"radio-147\" value=\"F\" \/><span class=\"wpcf7-list-item-label\">F<\/span><\/label><\/span><\/span><\/span><\/p>\n<p><label> C\u00f3digo Postal:<br \/>\n<span class=\"wpcf7-form-control-wrap CodigoPostal\"><input type=\"number\" name=\"CodigoPostal\" value=\"\" class=\"wpcf7-form-control wpcf7-number wpcf7-validates-as-number\" aria-invalid=\"false\" \/><\/span><\/label><\/p>\n<p><label> Escr\u00edbenos un mensaje:<br \/>\n    <span class=\"wpcf7-form-control-wrap your-message\"><textarea name=\"your-message\" cols=\"40\" rows=\"10\" class=\"wpcf7-form-control wpcf7-textarea\" aria-invalid=\"false\"><\/textarea><\/span> <\/label><\/p>\n<p><input type=\"submit\" value=\"Cotiza gratis\" class=\"wpcf7-form-control has-spinner wpcf7-submit\" \/><\/p>\n<div class=\"wpcf7-response-output\" aria-hidden=\"true\"><\/div><\/form><\/div>[\/vc_column][\/vc_row]<\/p>\n","protected":false},"excerpt":{"rendered":"<p>[vc_row full_content_width=&#8221;row-inner-full&#8221; row_height_type=&#8221;fixed_height&#8221; height=&#8221;500px&#8221; top=&#8221;100px&#8221; bottom=&#8221;30px&#8221; content_fadeout=&#8221;content-fadeout&#8221; bg_type=&#8221;image&#8221; bg_position=&#8221;&#8221; slope_bottom=&#8221;slope-bottom&#8221; slope_bottom_dir=&#8221;slope-bottom-right&#8221; bg_image=&#8221;6623&#8243; font_color=&#8221;#ffffff&#8221;][vc_column width=&#8221;1\/2&#8243; css_animation=&#8221;left-to-right&#8221; css=&#8221;.vc_custom_1508656133718{padding-bottom: 100px !important;padding-left: 50px !important;}&#8221;][vc_empty_space height=&#8221;70px&#8221;][vc_column_text css_animation=&#8221;fadeInLeft&#8221; el_class=&#8221;textoQuienes&#8221; css=&#8221;.vc_custom_1616782546930{padding-right: 30px !important;padding-left: 30px !important;}&#8221;] En\u00a0Mi Auto Seguro queremos que t\u00fa, tus seres queridos y tu patrimonio est\u00e9n protegidos ante cualquier riesgo. Con nosotros podr\u00e1s cotizar y adquirir un seguro para proteger tu Auto, tu Vida, tu Salud, tu Hogar, tu Mascota, tu Dentadura y hasta tu Empresa. [\/vc_column_text][\/vc_column][vc_column width=&#8221;1\/2&#8243; css=&#8221;.vc_custom_1508655995346{padding-bottom: 200px&#8230;  <\/p>\n<div class=\"read-more\"><a class=\"excerpt-read-more\" href=\"https:\/\/miautoseguro.mx\/web\/otrosservicios\/\" title=\"Continue reading Otros Servicios\">Read more<i class=\"fa fa-angle-right\"><\/i><\/a><\/div>\n","protected":false},"author":1,"featured_media":0,"parent":0,"menu_order":0,"comment_status":"open","ping_status":"open","template":"page-full-width.php","meta":[],"yoast_head":"<!-- This site is optimized with the Yoast SEO plugin v19.0 - https:\/\/yoast.com\/wordpress\/plugins\/seo\/ -->\n<title>Otros Servicios - Mi Auto Seguro<\/title>\n<meta name=\"robots\" content=\"index, follow, max-snippet:-1, max-image-preview:large, max-video-preview:-1\" \/>\n<link rel=\"canonical\" href=\"https:\/\/miautoseguro.mx\/web\/otrosservicios\/\" \/>\n<meta property=\"og:locale\" content=\"es_MX\" \/>\n<meta property=\"og:type\" content=\"article\" \/>\n<meta property=\"og:title\" content=\"Otros Servicios - Mi Auto Seguro\" \/>\n<meta property=\"og:description\" content=\"[vc_row full_content_width=&#8221;row-inner-full&#8221; row_height_type=&#8221;fixed_height&#8221; height=&#8221;500px&#8221; top=&#8221;100px&#8221; bottom=&#8221;30px&#8221; content_fadeout=&#8221;content-fadeout&#8221; bg_type=&#8221;image&#8221; bg_position=&#8221;&#8221; slope_bottom=&#8221;slope-bottom&#8221; slope_bottom_dir=&#8221;slope-bottom-right&#8221; bg_image=&#8221;6623&#8243; font_color=&#8221;#ffffff&#8221;][vc_column width=&#8221;1\/2&#8243; css_animation=&#8221;left-to-right&#8221; css=&#8221;.vc_custom_1508656133718{padding-bottom: 100px !important;padding-left: 50px !important;}&#8221;][vc_empty_space height=&#8221;70px&#8221;][vc_column_text css_animation=&#8221;fadeInLeft&#8221; el_class=&#8221;textoQuienes&#8221; css=&#8221;.vc_custom_1616782546930{padding-right: 30px !important;padding-left: 30px !important;}&#8221;] En\u00a0Mi Auto Seguro queremos que t\u00fa, tus seres queridos y tu patrimonio est\u00e9n protegidos ante cualquier riesgo. Con nosotros podr\u00e1s cotizar y adquirir un seguro para proteger tu Auto, tu Vida, tu Salud, tu Hogar, tu Mascota, tu Dentadura y hasta tu Empresa. [\/vc_column_text][\/vc_column][vc_column width=&#8221;1\/2&#8243; css=&#8221;.vc_custom_1508655995346{padding-bottom: 200px... Read more\" \/>\n<meta property=\"og:url\" content=\"https:\/\/miautoseguro.mx\/web\/otrosservicios\/\" \/>\n<meta property=\"og:site_name\" content=\"Mi Auto Seguro\" \/>\n<meta property=\"article:publisher\" content=\"https:\/\/www.facebook.com\/miautoseguro.com.mx\" \/>\n<meta property=\"article:modified_time\" content=\"2021-03-26T18:16:20+00:00\" \/>\n<meta name=\"twitter:card\" content=\"summary_large_image\" \/>\n<meta name=\"twitter:label1\" content=\"Est. reading time\" \/>\n\t<meta name=\"twitter:data1\" content=\"2 minutos\" \/>\n<script type=\"application\/ld+json\" class=\"yoast-schema-graph\">{\"@context\":\"https:\/\/schema.org\",\"@graph\":[{\"@type\":\"Organization\",\"@id\":\"https:\/\/miautoseguro.mx\/web\/#organization\",\"name\":\"Mi Auto Seguro\",\"url\":\"https:\/\/miautoseguro.mx\/web\/\",\"sameAs\":[\"https:\/\/www.instagram.com\/miautoseguromx\/\",\"https:\/\/www.linkedin.com\/company\/mi-auto-seguro\/\",\"https:\/\/www.youtube.com\/channel\/UCNYLRZmA1oW_pvJvpBACiow\",\"https:\/\/www.facebook.com\/miautoseguro.com.mx\"],\"logo\":{\"@type\":\"ImageObject\",\"inLanguage\":\"es-MX\",\"@id\":\"https:\/\/miautoseguro.mx\/web\/#\/schema\/logo\/image\/\",\"url\":\"https:\/\/miautoseguro.mx\/web\/wp-content\/uploads\/2021\/03\/Logo_MAS.png\",\"contentUrl\":\"https:\/\/miautoseguro.mx\/web\/wp-content\/uploads\/2021\/03\/Logo_MAS.png\",\"width\":380,\"height\":135,\"caption\":\"Mi Auto Seguro\"},\"image\":{\"@id\":\"https:\/\/miautoseguro.mx\/web\/#\/schema\/logo\/image\/\"}},{\"@type\":\"WebSite\",\"@id\":\"https:\/\/miautoseguro.mx\/web\/#website\",\"url\":\"https:\/\/miautoseguro.mx\/web\/\",\"name\":\"Mi Auto Seguro\",\"description\":\"Seguros para tu autom\u00f3vil.\",\"publisher\":{\"@id\":\"https:\/\/miautoseguro.mx\/web\/#organization\"},\"potentialAction\":[{\"@type\":\"SearchAction\",\"target\":{\"@type\":\"EntryPoint\",\"urlTemplate\":\"https:\/\/miautoseguro.mx\/web\/?s={search_term_string}\"},\"query-input\":\"required name=search_term_string\"}],\"inLanguage\":\"es-MX\"},{\"@type\":\"WebPage\",\"@id\":\"https:\/\/miautoseguro.mx\/web\/otrosservicios\/#webpage\",\"url\":\"https:\/\/miautoseguro.mx\/web\/otrosservicios\/\",\"name\":\"Otros Servicios - Mi Auto Seguro\",\"isPartOf\":{\"@id\":\"https:\/\/miautoseguro.mx\/web\/#website\"},\"datePublished\":\"2021-03-24T08:30:06+00:00\",\"dateModified\":\"2021-03-26T18:16:20+00:00\",\"breadcrumb\":{\"@id\":\"https:\/\/miautoseguro.mx\/web\/otrosservicios\/#breadcrumb\"},\"inLanguage\":\"es-MX\",\"potentialAction\":[{\"@type\":\"ReadAction\",\"target\":[\"https:\/\/miautoseguro.mx\/web\/otrosservicios\/\"]}]},{\"@type\":\"BreadcrumbList\",\"@id\":\"https:\/\/miautoseguro.mx\/web\/otrosservicios\/#breadcrumb\",\"itemListElement\":[{\"@type\":\"ListItem\",\"position\":1,\"name\":\"Home\",\"item\":\"https:\/\/miautoseguro.mx\/web\/\"},{\"@type\":\"ListItem\",\"position\":2,\"name\":\"Otros Servicios\"}]}]}<\/script>\n<!-- \/ Yoast SEO plugin. -->","yoast_head_json":{"title":"Otros Servicios - Mi Auto Seguro","robots":{"index":"index","follow":"follow","max-snippet":"max-snippet:-1","max-image-preview":"max-image-preview:large","max-video-preview":"max-video-preview:-1"},"canonical":"https:\/\/miautoseguro.mx\/web\/otrosservicios\/","og_locale":"es_MX","og_type":"article","og_title":"Otros Servicios - Mi Auto Seguro","og_description":"[vc_row full_content_width=&#8221;row-inner-full&#8221; row_height_type=&#8221;fixed_height&#8221; height=&#8221;500px&#8221; top=&#8221;100px&#8221; bottom=&#8221;30px&#8221; content_fadeout=&#8221;content-fadeout&#8221; bg_type=&#8221;image&#8221; bg_position=&#8221;&#8221; slope_bottom=&#8221;slope-bottom&#8221; slope_bottom_dir=&#8221;slope-bottom-right&#8221; bg_image=&#8221;6623&#8243; font_color=&#8221;#ffffff&#8221;][vc_column width=&#8221;1\/2&#8243; css_animation=&#8221;left-to-right&#8221; css=&#8221;.vc_custom_1508656133718{padding-bottom: 100px !important;padding-left: 50px !important;}&#8221;][vc_empty_space height=&#8221;70px&#8221;][vc_column_text css_animation=&#8221;fadeInLeft&#8221; el_class=&#8221;textoQuienes&#8221; css=&#8221;.vc_custom_1616782546930{padding-right: 30px !important;padding-left: 30px !important;}&#8221;] En\u00a0Mi Auto Seguro queremos que t\u00fa, tus seres queridos y tu patrimonio est\u00e9n protegidos ante cualquier riesgo. Con nosotros podr\u00e1s cotizar y adquirir un seguro para proteger tu Auto, tu Vida, tu Salud, tu Hogar, tu Mascota, tu Dentadura y hasta tu Empresa. [\/vc_column_text][\/vc_column][vc_column width=&#8221;1\/2&#8243; css=&#8221;.vc_custom_1508655995346{padding-bottom: 200px... Read more","og_url":"https:\/\/miautoseguro.mx\/web\/otrosservicios\/","og_site_name":"Mi Auto Seguro","article_publisher":"https:\/\/www.facebook.com\/miautoseguro.com.mx","article_modified_time":"2021-03-26T18:16:20+00:00","twitter_card":"summary_large_image","twitter_misc":{"Est. reading time":"2 minutos"},"schema":{"@context":"https:\/\/schema.org","@graph":[{"@type":"Organization","@id":"https:\/\/miautoseguro.mx\/web\/#organization","name":"Mi Auto Seguro","url":"https:\/\/miautoseguro.mx\/web\/","sameAs":["https:\/\/www.instagram.com\/miautoseguromx\/","https:\/\/www.linkedin.com\/company\/mi-auto-seguro\/","https:\/\/www.youtube.com\/channel\/UCNYLRZmA1oW_pvJvpBACiow","https:\/\/www.facebook.com\/miautoseguro.com.mx"],"logo":{"@type":"ImageObject","inLanguage":"es-MX","@id":"https:\/\/miautoseguro.mx\/web\/#\/schema\/logo\/image\/","url":"https:\/\/miautoseguro.mx\/web\/wp-content\/uploads\/2021\/03\/Logo_MAS.png","contentUrl":"https:\/\/miautoseguro.mx\/web\/wp-content\/uploads\/2021\/03\/Logo_MAS.png","width":380,"height":135,"caption":"Mi Auto Seguro"},"image":{"@id":"https:\/\/miautoseguro.mx\/web\/#\/schema\/logo\/image\/"}},{"@type":"WebSite","@id":"https:\/\/miautoseguro.mx\/web\/#website","url":"https:\/\/miautoseguro.mx\/web\/","name":"Mi Auto Seguro","description":"Seguros para tu autom\u00f3vil.","publisher":{"@id":"https:\/\/miautoseguro.mx\/web\/#organization"},"potentialAction":[{"@type":"SearchAction","target":{"@type":"EntryPoint","urlTemplate":"https:\/\/miautoseguro.mx\/web\/?s={search_term_string}"},"query-input":"required name=search_term_string"}],"inLanguage":"es-MX"},{"@type":"WebPage","@id":"https:\/\/miautoseguro.mx\/web\/otrosservicios\/#webpage","url":"https:\/\/miautoseguro.mx\/web\/otrosservicios\/","name":"Otros Servicios - Mi Auto Seguro","isPartOf":{"@id":"https:\/\/miautoseguro.mx\/web\/#website"},"datePublished":"2021-03-24T08:30:06+00:00","dateModified":"2021-03-26T18:16:20+00:00","breadcrumb":{"@id":"https:\/\/miautoseguro.mx\/web\/otrosservicios\/#breadcrumb"},"inLanguage":"es-MX","potentialAction":[{"@type":"ReadAction","target":["https:\/\/miautoseguro.mx\/web\/otrosservicios\/"]}]},{"@type":"BreadcrumbList","@id":"https:\/\/miautoseguro.mx\/web\/otrosservicios\/#breadcrumb","itemListElement":[{"@type":"ListItem","position":1,"name":"Home","item":"https:\/\/miautoseguro.mx\/web\/"},{"@type":"ListItem","position":2,"name":"Otros Servicios"}]}]}},"_links":{"self":[{"href":"https:\/\/miautoseguro.mx\/web\/wp-json\/wp\/v2\/pages\/6662"}],"collection":[{"href":"https:\/\/miautoseguro.mx\/web\/wp-json\/wp\/v2\/pages"}],"about":[{"href":"https:\/\/miautoseguro.mx\/web\/wp-json\/wp\/v2\/types\/page"}],"author":[{"embeddable":true,"href":"https:\/\/miautoseguro.mx\/web\/wp-json\/wp\/v2\/users\/1"}],"replies":[{"embeddable":true,"href":"https:\/\/miautoseguro.mx\/web\/wp-json\/wp\/v2\/comments?post=6662"}],"version-history":[{"count":26,"href":"https:\/\/miautoseguro.mx\/web\/wp-json\/wp\/v2\/pages\/6662\/revisions"}],"predecessor-version":[{"id":7090,"href":"https:\/\/miautoseguro.mx\/web\/wp-json\/wp\/v2\/pages\/6662\/revisions\/7090"}],"wp:attachment":[{"href":"https:\/\/miautoseguro.mx\/web\/wp-json\/wp\/v2\/media?parent=6662"}],"curies":[{"name":"wp","href":"https:\/\/api.w.org\/{rel}","templated":true}]}}