{"id":31,"date":"2015-04-26T11:20:08","date_gmt":"2015-04-26T11:20:08","guid":{"rendered":"http:\/\/themes.whiteboxstud.io\/tilt-demo\/?page_id=31"},"modified":"2021-03-26T12:19:28","modified_gmt":"2021-03-26T18:19:28","slug":"contacto","status":"publish","type":"page","link":"https:\/\/miautoseguro.mx\/web\/contacto\/","title":{"rendered":"Contacto"},"content":{"rendered":"<p>[vc_row top=&#8221;160px&#8221; bottom=&#8221;120px&#8221; content_fadeout=&#8221;content-fadeout&#8221; textalign=&#8221;center&#8221; bg_type=&#8221;image&#8221; bg_cover=&#8221;cover&#8221; bg_position=&#8221;&#8221; bg_attachment=&#8221;fixed&#8221; slope_bottom=&#8221;slope-bottom&#8221; slope_bottom_dir=&#8221;slope-bottom-right&#8221; row_seperator=&#8221;no-seperator&#8221; font_color=&#8221;#ffffff&#8221; bg_color=&#8221;#004596&#8243; bg_image=&#8221;6651&#8243;][vc_column css_animation=&#8221;top-to-bottom&#8221;][vc_heading h_size=&#8221;h-extralarge&#8221; title=&#8221;Ponte en contacto con nosotros&#8221; title_color=&#8221;#ffffff&#8221; subtitle_color=&#8221;#ffffff&#8221;][\/vc_column][\/vc_row][vc_row top=&#8221;100px&#8221; bottom=&#8221;0px&#8221; row_mobile_style=&#8221;ipad_full_width&#8221; slope_top=&#8221;slope-top&#8221; slope_top_pos=&#8221;slope-top-outside&#8221; slope_top_dir=&#8221;slope-top-right&#8221; slope_bottom=&#8221;slope-bottom&#8221; slope_bottom_dir=&#8221;slope-bottom-right&#8221; slope_bot_order=&#8221;slope-under&#8221; slope_height_tablet=&#8221;0px&#8221; slope_height_mobile=&#8221;0px&#8221; row_seperator=&#8221;no-seperator&#8221; bg_color=&#8221;#00bf61&#8243; slope_top_color=&#8221;#00bf61&#8243; slope_bottom_color=&#8221;#00bf61&#8243;][vc_column width=&#8221;2\/3&#8243;][vc_heading title=&#8221;D\u00e9janos tus comentarios&#8221; subtitle=&#8221;o cotiza aqu\u00ed tu seguro.&#8221; subtitle_color=&#8221;#004596&#8243; alignment=&#8221;align-left&#8221;][vc_empty_space height=&#8221;30px&#8221;]<div role=\"form\" class=\"wpcf7\" id=\"wpcf7-f14-o1\" lang=\"es-MX\" dir=\"ltr\">\n<div class=\"screen-reader-response\"><p role=\"status\" aria-live=\"polite\" aria-atomic=\"true\"><\/p> <ul><\/ul><\/div>\n<form action=\"\/web\/wp-json\/wp\/v2\/pages\/31#wpcf7-f14-o1\" method=\"post\" class=\"wpcf7-form init\" novalidate=\"novalidate\" data-status=\"init\">\n<div style=\"display: none;\">\n<input type=\"hidden\" name=\"_wpcf7\" value=\"14\" \/>\n<input type=\"hidden\" name=\"_wpcf7_version\" value=\"5.5.6.1\" \/>\n<input type=\"hidden\" name=\"_wpcf7_locale\" value=\"es_MX\" \/>\n<input type=\"hidden\" name=\"_wpcf7_unit_tag\" value=\"wpcf7-f14-o1\" \/>\n<input type=\"hidden\" name=\"_wpcf7_container_post\" value=\"0\" \/>\n<input type=\"hidden\" name=\"_wpcf7_posted_data_hash\" value=\"\" \/>\n<\/div>\n<p><label> Nombre (*obligatorio)<br \/>\n    <span class=\"wpcf7-form-control-wrap your-name\"><input type=\"text\" name=\"your-name\" value=\"\" size=\"40\" class=\"wpcf7-form-control wpcf7-text wpcf7-validates-as-required\" aria-required=\"true\" aria-invalid=\"false\" \/><\/span> <\/label><\/p>\n<p><label> Email (*obligatorio)<br \/>\n    <span class=\"wpcf7-form-control-wrap your-email\"><input type=\"email\" name=\"your-email\" value=\"\" size=\"40\" class=\"wpcf7-form-control wpcf7-text wpcf7-email wpcf7-validates-as-required wpcf7-validates-as-email\" aria-required=\"true\" aria-invalid=\"false\" \/><\/span> <\/label><\/p>\n<p><label> Asunto<br \/>\n    <span class=\"wpcf7-form-control-wrap your-subject\"><input type=\"text\" name=\"your-subject\" value=\"\" size=\"40\" class=\"wpcf7-form-control wpcf7-text\" aria-invalid=\"false\" \/><\/span> <\/label><\/p>\n<p><label> Mensaje<br \/>\n    <span class=\"wpcf7-form-control-wrap your-message\"><textarea name=\"your-message\" cols=\"40\" rows=\"10\" class=\"wpcf7-form-control wpcf7-textarea\" aria-invalid=\"false\"><\/textarea><\/span> <\/label><\/p>\n<p><input type=\"submit\" value=\"Enviar\" class=\"wpcf7-form-control has-spinner wpcf7-submit\" \/><\/p>\n<div class=\"wpcf7-response-output\" aria-hidden=\"true\"><\/div><\/form><\/div>[\/vc_column][vc_column width=&#8221;1\/3&#8243; css=&#8221;.vc_custom_1616740041909{padding-left: 40px !important;}&#8221; font_color=&#8221;#ffffff&#8221;][vc_column_text]NUESTRAS OFICINAS[\/vc_column_text][vc_empty_space height=&#8221;20px&#8221;][vc_list_item type=&#8221;entypo&#8221; icon_entypo=&#8221;entypo-icon entypo-icon-home&#8221; icon_name=&#8221;icon-home&#8221; icon_color=&#8221;#00bf61&#8243; el_class=&#8221;itemListaContacto&#8221;]Colonia Del Valle, Alcald\u00eda Benito Ju\u00e1rez,<br \/>\nC.P. 03103, Ciudad de M\u00e9xico.[\/vc_list_item][vc_list_item type=&#8221;entypo&#8221; icon_entypo=&#8221;entypo-icon entypo-icon-phone&#8221; icon_name=&#8221;icon-call-end&#8221; icon_color=&#8221;#007fd7&#8243; el_class=&#8221;itemListaContacto&#8221;]01 55 5514 1800[\/vc_list_item][vc_list_item type=&#8221;entypo&#8221; icon_entypo=&#8221;entypo-icon entypo-icon-mail&#8221; icon_name=&#8221;icon-envelope-open&#8221; icon_color=&#8221;#00bf61&#8243; link=&#8221;url:whitecollarthemes%40gmail.com||target:%20_blank&#8221; el_class=&#8221;itemListaContacto&#8221;]contacto@miautoseguro.mx[\/vc_list_item][vc_list_item type=&#8221;entypo&#8221; icon_entypo=&#8221;entypo-icon entypo-icon-globe&#8221; icon_name=&#8221;li_world&#8221; icon_color=&#8221;#007fd7&#8243; link=&#8221;url:https%3A%2F%2Fmiautoseguro.mx%2Fweb%2F|target:_blank&#8221;]www.miautoseguro.mx\/web[\/vc_list_item][vc_empty_space height=&#8221;30px&#8221;][\/vc_column][\/vc_row][vc_row full_content_width=&#8221;row-inner-full&#8221; row_height_type=&#8221;fixed_height&#8221; height=&#8221;500px&#8221; top=&#8221;0px&#8221; bottom=&#8221;0px&#8221; content_fadeout=&#8221;content-fadeout&#8221; bg_type=&#8221;image&#8221; parallax_bg=&#8221;parallax-bg&#8221; bg_cover=&#8221;cover&#8221; bg_repeat=&#8221;no-repeat&#8221; bg_position=&#8221;Center center&#8221; bg_image=&#8221;6834&#8243;][vc_column][vc_single_image image=&#8221;6836&#8243; img_size=&#8221;400&#215;400&#8243; alignment=&#8221;center&#8221; css_animation=&#8221;fadeIn&#8221;][\/vc_column][\/vc_row]<\/p>\n","protected":false},"excerpt":{"rendered":"<p>[vc_row top=&#8221;160px&#8221; bottom=&#8221;120px&#8221; content_fadeout=&#8221;content-fadeout&#8221; textalign=&#8221;center&#8221; bg_type=&#8221;image&#8221; bg_cover=&#8221;cover&#8221; bg_position=&#8221;&#8221; bg_attachment=&#8221;fixed&#8221; slope_bottom=&#8221;slope-bottom&#8221; slope_bottom_dir=&#8221;slope-bottom-right&#8221; row_seperator=&#8221;no-seperator&#8221; font_color=&#8221;#ffffff&#8221; bg_color=&#8221;#004596&#8243; bg_image=&#8221;6651&#8243;][vc_column css_animation=&#8221;top-to-bottom&#8221;][vc_heading h_size=&#8221;h-extralarge&#8221; title=&#8221;Ponte en contacto con nosotros&#8221; title_color=&#8221;#ffffff&#8221; subtitle_color=&#8221;#ffffff&#8221;][\/vc_column][\/vc_row][vc_row top=&#8221;100px&#8221; bottom=&#8221;0px&#8221; row_mobile_style=&#8221;ipad_full_width&#8221; slope_top=&#8221;slope-top&#8221; slope_top_pos=&#8221;slope-top-outside&#8221; slope_top_dir=&#8221;slope-top-right&#8221; slope_bottom=&#8221;slope-bottom&#8221; slope_bottom_dir=&#8221;slope-bottom-right&#8221; slope_bot_order=&#8221;slope-under&#8221; slope_height_tablet=&#8221;0px&#8221; slope_height_mobile=&#8221;0px&#8221; row_seperator=&#8221;no-seperator&#8221; bg_color=&#8221;#00bf61&#8243; slope_top_color=&#8221;#00bf61&#8243; slope_bottom_color=&#8221;#00bf61&#8243;][vc_column width=&#8221;2\/3&#8243;][vc_heading title=&#8221;D\u00e9janos tus comentarios&#8221; subtitle=&#8221;o cotiza aqu\u00ed tu seguro.&#8221; subtitle_color=&#8221;#004596&#8243; alignment=&#8221;align-left&#8221;][vc_empty_space height=&#8221;30px&#8221;][\/vc_column][vc_column width=&#8221;1\/3&#8243; css=&#8221;.vc_custom_1616740041909{padding-left: 40px !important;}&#8221; font_color=&#8221;#ffffff&#8221;][vc_column_text]NUESTRAS OFICINAS[\/vc_column_text][vc_empty_space height=&#8221;20px&#8221;][vc_list_item type=&#8221;entypo&#8221; icon_entypo=&#8221;entypo-icon entypo-icon-home&#8221; icon_name=&#8221;icon-home&#8221; icon_color=&#8221;#00bf61&#8243; el_class=&#8221;itemListaContacto&#8221;]Colonia Del Valle, Alcald\u00eda Benito Ju\u00e1rez, C.P. 03103, Ciudad de M\u00e9xico.[\/vc_list_item][vc_list_item type=&#8221;entypo&#8221;&#8230;  <\/p>\n<div class=\"read-more\"><a class=\"excerpt-read-more\" href=\"https:\/\/miautoseguro.mx\/web\/contacto\/\" title=\"Continue reading Contacto\">Read more<i class=\"fa fa-angle-right\"><\/i><\/a><\/div>\n","protected":false},"author":1,"featured_media":0,"parent":0,"menu_order":0,"comment_status":"open","ping_status":"open","template":"page-full-width.php","meta":[],"yoast_head":"<!-- This site is optimized with the Yoast SEO plugin v19.0 - https:\/\/yoast.com\/wordpress\/plugins\/seo\/ -->\n<title>Contacto - Mi Auto Seguro<\/title>\n<meta name=\"robots\" content=\"index, follow, max-snippet:-1, max-image-preview:large, max-video-preview:-1\" \/>\n<link rel=\"canonical\" href=\"https:\/\/miautoseguro.mx\/web\/contacto\/\" \/>\n<meta property=\"og:locale\" content=\"es_MX\" \/>\n<meta property=\"og:type\" content=\"article\" \/>\n<meta property=\"og:title\" content=\"Contacto - Mi Auto Seguro\" \/>\n<meta property=\"og:description\" content=\"[vc_row top=&#8221;160px&#8221; bottom=&#8221;120px&#8221; content_fadeout=&#8221;content-fadeout&#8221; textalign=&#8221;center&#8221; bg_type=&#8221;image&#8221; bg_cover=&#8221;cover&#8221; bg_position=&#8221;&#8221; bg_attachment=&#8221;fixed&#8221; slope_bottom=&#8221;slope-bottom&#8221; slope_bottom_dir=&#8221;slope-bottom-right&#8221; row_seperator=&#8221;no-seperator&#8221; font_color=&#8221;#ffffff&#8221; bg_color=&#8221;#004596&#8243; bg_image=&#8221;6651&#8243;][vc_column css_animation=&#8221;top-to-bottom&#8221;][vc_heading h_size=&#8221;h-extralarge&#8221; title=&#8221;Ponte en contacto con nosotros&#8221; title_color=&#8221;#ffffff&#8221; subtitle_color=&#8221;#ffffff&#8221;][\/vc_column][\/vc_row][vc_row top=&#8221;100px&#8221; bottom=&#8221;0px&#8221; row_mobile_style=&#8221;ipad_full_width&#8221; slope_top=&#8221;slope-top&#8221; slope_top_pos=&#8221;slope-top-outside&#8221; slope_top_dir=&#8221;slope-top-right&#8221; slope_bottom=&#8221;slope-bottom&#8221; slope_bottom_dir=&#8221;slope-bottom-right&#8221; slope_bot_order=&#8221;slope-under&#8221; slope_height_tablet=&#8221;0px&#8221; slope_height_mobile=&#8221;0px&#8221; row_seperator=&#8221;no-seperator&#8221; bg_color=&#8221;#00bf61&#8243; slope_top_color=&#8221;#00bf61&#8243; slope_bottom_color=&#8221;#00bf61&#8243;][vc_column width=&#8221;2\/3&#8243;][vc_heading title=&#8221;D\u00e9janos tus comentarios&#8221; subtitle=&#8221;o cotiza aqu\u00ed tu seguro.&#8221; subtitle_color=&#8221;#004596&#8243; alignment=&#8221;align-left&#8221;][vc_empty_space height=&#8221;30px&#8221;][\/vc_column][vc_column width=&#8221;1\/3&#8243; css=&#8221;.vc_custom_1616740041909{padding-left: 40px !important;}&#8221; font_color=&#8221;#ffffff&#8221;][vc_column_text]NUESTRAS OFICINAS[\/vc_column_text][vc_empty_space height=&#8221;20px&#8221;][vc_list_item type=&#8221;entypo&#8221; icon_entypo=&#8221;entypo-icon entypo-icon-home&#8221; icon_name=&#8221;icon-home&#8221; icon_color=&#8221;#00bf61&#8243; el_class=&#8221;itemListaContacto&#8221;]Colonia Del Valle, Alcald\u00eda Benito Ju\u00e1rez, C.P. 03103, Ciudad de M\u00e9xico.[\/vc_list_item][vc_list_item type=&#8221;entypo&#8221;... Read more\" \/>\n<meta property=\"og:url\" content=\"https:\/\/miautoseguro.mx\/web\/contacto\/\" \/>\n<meta property=\"og:site_name\" content=\"Mi Auto Seguro\" \/>\n<meta property=\"article:publisher\" content=\"https:\/\/www.facebook.com\/miautoseguro.com.mx\" \/>\n<meta property=\"article:modified_time\" content=\"2021-03-26T18:19:28+00:00\" \/>\n<meta name=\"twitter:card\" content=\"summary_large_image\" \/>\n<meta name=\"twitter:label1\" content=\"Est. reading time\" \/>\n\t<meta name=\"twitter:data1\" content=\"2 minutos\" \/>\n<script type=\"application\/ld+json\" class=\"yoast-schema-graph\">{\"@context\":\"https:\/\/schema.org\",\"@graph\":[{\"@type\":\"Organization\",\"@id\":\"https:\/\/miautoseguro.mx\/web\/#organization\",\"name\":\"Mi Auto Seguro\",\"url\":\"https:\/\/miautoseguro.mx\/web\/\",\"sameAs\":[\"https:\/\/www.instagram.com\/miautoseguromx\/\",\"https:\/\/www.linkedin.com\/company\/mi-auto-seguro\/\",\"https:\/\/www.youtube.com\/channel\/UCNYLRZmA1oW_pvJvpBACiow\",\"https:\/\/www.facebook.com\/miautoseguro.com.mx\"],\"logo\":{\"@type\":\"ImageObject\",\"inLanguage\":\"es-MX\",\"@id\":\"https:\/\/miautoseguro.mx\/web\/#\/schema\/logo\/image\/\",\"url\":\"https:\/\/miautoseguro.mx\/web\/wp-content\/uploads\/2021\/03\/Logo_MAS.png\",\"contentUrl\":\"https:\/\/miautoseguro.mx\/web\/wp-content\/uploads\/2021\/03\/Logo_MAS.png\",\"width\":380,\"height\":135,\"caption\":\"Mi Auto Seguro\"},\"image\":{\"@id\":\"https:\/\/miautoseguro.mx\/web\/#\/schema\/logo\/image\/\"}},{\"@type\":\"WebSite\",\"@id\":\"https:\/\/miautoseguro.mx\/web\/#website\",\"url\":\"https:\/\/miautoseguro.mx\/web\/\",\"name\":\"Mi Auto Seguro\",\"description\":\"Seguros para tu autom\u00f3vil.\",\"publisher\":{\"@id\":\"https:\/\/miautoseguro.mx\/web\/#organization\"},\"potentialAction\":[{\"@type\":\"SearchAction\",\"target\":{\"@type\":\"EntryPoint\",\"urlTemplate\":\"https:\/\/miautoseguro.mx\/web\/?s={search_term_string}\"},\"query-input\":\"required name=search_term_string\"}],\"inLanguage\":\"es-MX\"},{\"@type\":\"WebPage\",\"@id\":\"https:\/\/miautoseguro.mx\/web\/contacto\/#webpage\",\"url\":\"https:\/\/miautoseguro.mx\/web\/contacto\/\",\"name\":\"Contacto - Mi Auto Seguro\",\"isPartOf\":{\"@id\":\"https:\/\/miautoseguro.mx\/web\/#website\"},\"datePublished\":\"2015-04-26T11:20:08+00:00\",\"dateModified\":\"2021-03-26T18:19:28+00:00\",\"breadcrumb\":{\"@id\":\"https:\/\/miautoseguro.mx\/web\/contacto\/#breadcrumb\"},\"inLanguage\":\"es-MX\",\"potentialAction\":[{\"@type\":\"ReadAction\",\"target\":[\"https:\/\/miautoseguro.mx\/web\/contacto\/\"]}]},{\"@type\":\"BreadcrumbList\",\"@id\":\"https:\/\/miautoseguro.mx\/web\/contacto\/#breadcrumb\",\"itemListElement\":[{\"@type\":\"ListItem\",\"position\":1,\"name\":\"Home\",\"item\":\"https:\/\/miautoseguro.mx\/web\/\"},{\"@type\":\"ListItem\",\"position\":2,\"name\":\"Contacto\"}]}]}<\/script>\n<!-- \/ Yoast SEO plugin. -->","yoast_head_json":{"title":"Contacto - Mi Auto Seguro","robots":{"index":"index","follow":"follow","max-snippet":"max-snippet:-1","max-image-preview":"max-image-preview:large","max-video-preview":"max-video-preview:-1"},"canonical":"https:\/\/miautoseguro.mx\/web\/contacto\/","og_locale":"es_MX","og_type":"article","og_title":"Contacto - Mi Auto Seguro","og_description":"[vc_row top=&#8221;160px&#8221; bottom=&#8221;120px&#8221; content_fadeout=&#8221;content-fadeout&#8221; textalign=&#8221;center&#8221; bg_type=&#8221;image&#8221; bg_cover=&#8221;cover&#8221; bg_position=&#8221;&#8221; bg_attachment=&#8221;fixed&#8221; slope_bottom=&#8221;slope-bottom&#8221; slope_bottom_dir=&#8221;slope-bottom-right&#8221; row_seperator=&#8221;no-seperator&#8221; font_color=&#8221;#ffffff&#8221; bg_color=&#8221;#004596&#8243; bg_image=&#8221;6651&#8243;][vc_column css_animation=&#8221;top-to-bottom&#8221;][vc_heading h_size=&#8221;h-extralarge&#8221; title=&#8221;Ponte en contacto con nosotros&#8221; title_color=&#8221;#ffffff&#8221; subtitle_color=&#8221;#ffffff&#8221;][\/vc_column][\/vc_row][vc_row top=&#8221;100px&#8221; bottom=&#8221;0px&#8221; row_mobile_style=&#8221;ipad_full_width&#8221; slope_top=&#8221;slope-top&#8221; slope_top_pos=&#8221;slope-top-outside&#8221; slope_top_dir=&#8221;slope-top-right&#8221; slope_bottom=&#8221;slope-bottom&#8221; slope_bottom_dir=&#8221;slope-bottom-right&#8221; slope_bot_order=&#8221;slope-under&#8221; slope_height_tablet=&#8221;0px&#8221; slope_height_mobile=&#8221;0px&#8221; row_seperator=&#8221;no-seperator&#8221; bg_color=&#8221;#00bf61&#8243; slope_top_color=&#8221;#00bf61&#8243; slope_bottom_color=&#8221;#00bf61&#8243;][vc_column width=&#8221;2\/3&#8243;][vc_heading title=&#8221;D\u00e9janos tus comentarios&#8221; subtitle=&#8221;o cotiza aqu\u00ed tu seguro.&#8221; subtitle_color=&#8221;#004596&#8243; alignment=&#8221;align-left&#8221;][vc_empty_space height=&#8221;30px&#8221;][\/vc_column][vc_column width=&#8221;1\/3&#8243; css=&#8221;.vc_custom_1616740041909{padding-left: 40px !important;}&#8221; font_color=&#8221;#ffffff&#8221;][vc_column_text]NUESTRAS OFICINAS[\/vc_column_text][vc_empty_space height=&#8221;20px&#8221;][vc_list_item type=&#8221;entypo&#8221; icon_entypo=&#8221;entypo-icon entypo-icon-home&#8221; icon_name=&#8221;icon-home&#8221; icon_color=&#8221;#00bf61&#8243; el_class=&#8221;itemListaContacto&#8221;]Colonia Del Valle, Alcald\u00eda Benito Ju\u00e1rez, C.P. 03103, Ciudad de M\u00e9xico.[\/vc_list_item][vc_list_item type=&#8221;entypo&#8221;... Read more","og_url":"https:\/\/miautoseguro.mx\/web\/contacto\/","og_site_name":"Mi Auto Seguro","article_publisher":"https:\/\/www.facebook.com\/miautoseguro.com.mx","article_modified_time":"2021-03-26T18:19:28+00:00","twitter_card":"summary_large_image","twitter_misc":{"Est. reading time":"2 minutos"},"schema":{"@context":"https:\/\/schema.org","@graph":[{"@type":"Organization","@id":"https:\/\/miautoseguro.mx\/web\/#organization","name":"Mi Auto Seguro","url":"https:\/\/miautoseguro.mx\/web\/","sameAs":["https:\/\/www.instagram.com\/miautoseguromx\/","https:\/\/www.linkedin.com\/company\/mi-auto-seguro\/","https:\/\/www.youtube.com\/channel\/UCNYLRZmA1oW_pvJvpBACiow","https:\/\/www.facebook.com\/miautoseguro.com.mx"],"logo":{"@type":"ImageObject","inLanguage":"es-MX","@id":"https:\/\/miautoseguro.mx\/web\/#\/schema\/logo\/image\/","url":"https:\/\/miautoseguro.mx\/web\/wp-content\/uploads\/2021\/03\/Logo_MAS.png","contentUrl":"https:\/\/miautoseguro.mx\/web\/wp-content\/uploads\/2021\/03\/Logo_MAS.png","width":380,"height":135,"caption":"Mi Auto Seguro"},"image":{"@id":"https:\/\/miautoseguro.mx\/web\/#\/schema\/logo\/image\/"}},{"@type":"WebSite","@id":"https:\/\/miautoseguro.mx\/web\/#website","url":"https:\/\/miautoseguro.mx\/web\/","name":"Mi Auto Seguro","description":"Seguros para tu autom\u00f3vil.","publisher":{"@id":"https:\/\/miautoseguro.mx\/web\/#organization"},"potentialAction":[{"@type":"SearchAction","target":{"@type":"EntryPoint","urlTemplate":"https:\/\/miautoseguro.mx\/web\/?s={search_term_string}"},"query-input":"required name=search_term_string"}],"inLanguage":"es-MX"},{"@type":"WebPage","@id":"https:\/\/miautoseguro.mx\/web\/contacto\/#webpage","url":"https:\/\/miautoseguro.mx\/web\/contacto\/","name":"Contacto - Mi Auto Seguro","isPartOf":{"@id":"https:\/\/miautoseguro.mx\/web\/#website"},"datePublished":"2015-04-26T11:20:08+00:00","dateModified":"2021-03-26T18:19:28+00:00","breadcrumb":{"@id":"https:\/\/miautoseguro.mx\/web\/contacto\/#breadcrumb"},"inLanguage":"es-MX","potentialAction":[{"@type":"ReadAction","target":["https:\/\/miautoseguro.mx\/web\/contacto\/"]}]},{"@type":"BreadcrumbList","@id":"https:\/\/miautoseguro.mx\/web\/contacto\/#breadcrumb","itemListElement":[{"@type":"ListItem","position":1,"name":"Home","item":"https:\/\/miautoseguro.mx\/web\/"},{"@type":"ListItem","position":2,"name":"Contacto"}]}]}},"_links":{"self":[{"href":"https:\/\/miautoseguro.mx\/web\/wp-json\/wp\/v2\/pages\/31"}],"collection":[{"href":"https:\/\/miautoseguro.mx\/web\/wp-json\/wp\/v2\/pages"}],"about":[{"href":"https:\/\/miautoseguro.mx\/web\/wp-json\/wp\/v2\/types\/page"}],"author":[{"embeddable":true,"href":"https:\/\/miautoseguro.mx\/web\/wp-json\/wp\/v2\/users\/1"}],"replies":[{"embeddable":true,"href":"https:\/\/miautoseguro.mx\/web\/wp-json\/wp\/v2\/comments?post=31"}],"version-history":[{"count":68,"href":"https:\/\/miautoseguro.mx\/web\/wp-json\/wp\/v2\/pages\/31\/revisions"}],"predecessor-version":[{"id":7092,"href":"https:\/\/miautoseguro.mx\/web\/wp-json\/wp\/v2\/pages\/31\/revisions\/7092"}],"wp:attachment":[{"href":"https:\/\/miautoseguro.mx\/web\/wp-json\/wp\/v2\/media?parent=31"}],"curies":[{"name":"wp","href":"https:\/\/api.w.org\/{rel}","templated":true}]}}